{"id":11882,"date":"2023-09-26T13:47:51","date_gmt":"2023-09-26T11:47:51","guid":{"rendered":"https:\/\/www.abd.es\/?page_id=11882"},"modified":"2025-11-05T14:11:59","modified_gmt":"2025-11-05T13:11:59","slug":"informacion-tercero-cartera","status":"publish","type":"page","link":"https:\/\/www.abd.es\/en\/informacion-tercero-cartera\/","title":{"rendered":"Third\u2011party information in portfolio"},"content":{"rendered":"<div data-elementor-type=\"wp-page\" data-elementor-id=\"11882\" class=\"elementor elementor-11882\" data-elementor-post-type=\"page\">\n\t\t\t\t\t\t<section class=\"elementor-section elementor-top-section elementor-element elementor-element-59274f9 elementor-section-full_width elementor-section-height-default elementor-section-height-default\" data-id=\"59274f9\" data-element_type=\"section\" data-e-type=\"section\" data-settings=\"{&quot;background_background&quot;:&quot;classic&quot;,&quot;shape_divider_bottom&quot;:&quot;waves&quot;}\">\n\t\t\t\t\t\t\t<div class=\"elementor-background-overlay\"><\/div>\n\t\t\t\t\t\t<div class=\"elementor-shape elementor-shape-bottom\" aria-hidden=\"true\" data-negative=\"false\">\n\t\t\t<svg xmlns=\"http:\/\/www.w3.org\/2000\/svg\" viewbox=\"0 0 1000 100\" preserveaspectratio=\"none\">\n\t<path class=\"elementor-shape-fill\" d=\"M421.9,6.5c22.6-2.5,51.5,0.4,75.5,5.3c23.6,4.9,70.9,23.5,100.5,35.7c75.8,32.2,133.7,44.5,192.6,49.7\tc23.6,2.1,48.7,3.5,103.4-2.5c54.7-6,106.2-25.6,106.2-25.6V0H0v30.3c0,0,72,32.6,158.4,30.5c39.2-0.7,92.8-6.7,134-22.4\tc21.2-8.1,52.2-18.2,79.7-24.2C399.3,7.9,411.6,7.5,421.9,6.5z\"\/>\n<\/svg>\t\t<\/div>\n\t\t\t\t\t<div class=\"elementor-container elementor-column-gap-default\">\n\t\t\t\t\t<div class=\"elementor-column elementor-col-100 elementor-top-column elementor-element elementor-element-07f0c11\" data-id=\"07f0c11\" data-element_type=\"column\" data-e-type=\"column\">\n\t\t\t<div class=\"elementor-widget-wrap elementor-element-populated\">\n\t\t\t\t\t\t<div class=\"elementor-element elementor-element-86593db elementor-invisible elementor-widget elementor-widget-image\" data-id=\"86593db\" data-element_type=\"widget\" data-e-type=\"widget\" data-settings=\"{&quot;_animation&quot;:&quot;fadeInDown&quot;}\" data-widget_type=\"image.default\">\n\t\t\t\t<div class=\"elementor-widget-container\">\n\t\t\t\t\t\t\t\t\t\t\t\t\t\t\t<img fetchpriority=\"high\" decoding=\"async\" width=\"800\" height=\"111\" src=\"https:\/\/www.abd.es\/wp-content\/uploads\/2025\/11\/microsoft-dynamics-365-business-central-1024x142.webp\" class=\"attachment-large size-large wp-image-32934\" alt=\"microsoft dynamics 365 business central\" srcset=\"https:\/\/www.abd.es\/wp-content\/uploads\/2025\/11\/microsoft-dynamics-365-business-central-1024x142.webp 1024w, https:\/\/www.abd.es\/wp-content\/uploads\/2025\/11\/microsoft-dynamics-365-business-central-300x41.webp 300w, https:\/\/www.abd.es\/wp-content\/uploads\/2025\/11\/microsoft-dynamics-365-business-central-768x106.webp 768w, https:\/\/www.abd.es\/wp-content\/uploads\/2025\/11\/microsoft-dynamics-365-business-central.webp 1324w\" sizes=\"(max-width: 800px) 100vw, 800px\" \/>\t\t\t\t\t\t\t\t\t\t\t\t\t\t\t<\/div>\n\t\t\t\t<\/div>\n\t\t\t\t<div class=\"elementor-element elementor-element-39f0af7 elementor-invisible elementor-widget elementor-widget-heading\" data-id=\"39f0af7\" data-element_type=\"widget\" data-e-type=\"widget\" data-settings=\"{&quot;_animation&quot;:&quot;fadeInDown&quot;}\" data-widget_type=\"heading.default\">\n\t\t\t\t<div class=\"elementor-widget-container\">\n\t\t\t\t\t<h1 class=\"elementor-heading-title elementor-size-default\">Third\u2011Party Information Extension for Cash Management<\/h1>\t\t\t\t<\/div>\n\t\t\t\t<\/div>\n\t\t\t\t<div class=\"elementor-element elementor-element-8ca24f4 elementor-invisible elementor-widget elementor-widget-text-editor\" data-id=\"8ca24f4\" data-element_type=\"widget\" data-e-type=\"widget\" data-settings=\"{&quot;_animation&quot;:&quot;fadeInUp&quot;}\" data-widget_type=\"text-editor.default\">\n\t\t\t\t<div class=\"elementor-widget-container\">\n\t\t\t\t\t\t\t\t\t<p><span style=\"color: #ffffff;\">This extension allows users to view the customer or vendor name directly in entries, payment orders, and remittances within the Cash Management functionality.<\/span><\/p>\t\t\t\t\t\t\t\t<\/div>\n\t\t\t\t<\/div>\n\t\t\t\t\t<\/div>\n\t\t<\/div>\n\t\t\t\t\t<\/div>\n\t\t<\/section>\n\t\t\t\t<section class=\"elementor-section elementor-top-section elementor-element elementor-element-d675cc9 elementor-section-full_width elementor-section-height-default elementor-section-height-default\" data-id=\"d675cc9\" data-element_type=\"section\" data-e-type=\"section\">\n\t\t\t\t\t\t<div class=\"elementor-container elementor-column-gap-default\">\n\t\t\t\t\t<div class=\"elementor-column elementor-col-100 elementor-top-column elementor-element elementor-element-9029194\" data-id=\"9029194\" data-element_type=\"column\" data-e-type=\"column\">\n\t\t\t<div class=\"elementor-widget-wrap elementor-element-populated\">\n\t\t\t\t\t\t<section class=\"elementor-section elementor-inner-section elementor-element elementor-element-294f564 elementor-section-full_width elementor-section-content-middle elementor-section-height-default elementor-section-height-default\" data-id=\"294f564\" data-element_type=\"section\" data-e-type=\"section\">\n\t\t\t\t\t\t<div class=\"elementor-container elementor-column-gap-narrow\">\n\t\t\t\t\t<div class=\"elementor-column elementor-col-50 elementor-inner-column elementor-element elementor-element-c42dfcd animated-slow\" data-id=\"c42dfcd\" data-element_type=\"column\" data-e-type=\"column\" data-settings=\"{&quot;animation&quot;:&quot;none&quot;}\">\n\t\t\t<div class=\"elementor-widget-wrap elementor-element-populated\">\n\t\t\t\t\t\t<div class=\"elementor-element elementor-element-31c0595 animated-slow elementor-invisible elementor-widget elementor-widget-image\" data-id=\"31c0595\" data-element_type=\"widget\" data-e-type=\"widget\" data-settings=\"{&quot;_animation&quot;:&quot;fadeInLeft&quot;}\" data-widget_type=\"image.default\">\n\t\t\t\t<div class=\"elementor-widget-container\">\n\t\t\t\t\t\t\t\t\t\t\t\t\t\t\t<img decoding=\"async\" width=\"1022\" height=\"1036\" src=\"https:\/\/www.abd.es\/wp-content\/uploads\/2023\/10\/informacion-tercero-cartera-7.jpg\" class=\"attachment-full size-full wp-image-12498\" alt=\"informacion tercero cartera\" \/>\t\t\t\t\t\t\t\t\t\t\t\t\t\t\t<\/div>\n\t\t\t\t<\/div>\n\t\t\t\t\t<\/div>\n\t\t<\/div>\n\t\t\t\t<div class=\"elementor-column elementor-col-50 elementor-inner-column elementor-element elementor-element-5b40c2a\" data-id=\"5b40c2a\" data-element_type=\"column\" data-e-type=\"column\">\n\t\t\t<div class=\"elementor-widget-wrap elementor-element-populated\">\n\t\t\t\t\t\t<div class=\"elementor-element elementor-element-0723949 elementor-invisible elementor-widget elementor-widget-text-editor\" data-id=\"0723949\" data-element_type=\"widget\" data-e-type=\"widget\" data-settings=\"{&quot;_animation&quot;:&quot;fadeInUp&quot;}\" data-widget_type=\"text-editor.default\">\n\t\t\t\t<div class=\"elementor-widget-container\">\n\t\t\t\t\t\t\t\t\t<h2>Third\u2011Party Names in Microsoft Dynamics Business Central<\/h2>\t\t\t\t\t\t\t\t<\/div>\n\t\t\t\t<\/div>\n\t\t\t\t<div class=\"elementor-element elementor-element-a6b6a10 elementor-widget__width-initial elementor-invisible elementor-widget elementor-widget-text-editor\" data-id=\"a6b6a10\" data-element_type=\"widget\" data-e-type=\"widget\" data-settings=\"{&quot;_animation&quot;:&quot;fadeInUp&quot;}\" data-widget_type=\"text-editor.default\">\n\t\t\t\t<div class=\"elementor-widget-container\">\n\t\t\t\t\t\t\t\t\t<p>Microsoft Dynamics Business Central does not natively provide the option to display the third\u2011party name in receivable or payable documents. With this extension, Cash Management users can access this information directly on screen, avoiding confusion during treasury operations and making employees more efficient and productive.<\/p>\t\t\t\t\t\t\t\t<\/div>\n\t\t\t\t<\/div>\n\t\t\t\t\t<\/div>\n\t\t<\/div>\n\t\t\t\t\t<\/div>\n\t\t<\/section>\n\t\t\t\t\t<\/div>\n\t\t<\/div>\n\t\t\t\t\t<\/div>\n\t\t<\/section>\n\t\t<div class=\"elementor-element elementor-element-ee2541d e-flex e-con-boxed e-con e-parent\" data-id=\"ee2541d\" data-element_type=\"container\" data-e-type=\"container\">\n\t\t\t\t\t<div class=\"e-con-inner\">\n\t\t\t\t<div class=\"elementor-element elementor-element-ae95c94 elementor-widget__width-initial elementor-invisible elementor-widget elementor-widget-text-editor\" data-id=\"ae95c94\" data-element_type=\"widget\" data-e-type=\"widget\" data-settings=\"{&quot;_animation&quot;:&quot;fadeInUp&quot;}\" data-widget_type=\"text-editor.default\">\n\t\t\t\t<div class=\"elementor-widget-container\">\n\t\t\t\t\t\t\t\t\t<h2>Ownership Change in Microsoft Dynamics Business Central<\/h2><p>\u00a0<\/p><p>Key features you will gain with the implementation of ownership change and date change:<\/p>\t\t\t\t\t\t\t\t<\/div>\n\t\t\t\t<\/div>\n\t\t<div class=\"elementor-element elementor-element-9720e1a e-flex e-con-boxed e-con e-child\" data-id=\"9720e1a\" data-element_type=\"container\" data-e-type=\"container\">\n\t\t\t\t\t<div class=\"e-con-inner\">\n\t\t<div class=\"elementor-element elementor-element-dafdd3c e-con-full e-flex e-con e-child\" data-id=\"dafdd3c\" data-element_type=\"container\" data-e-type=\"container\">\n\t\t\t\t<div class=\"elementor-element elementor-element-57c36c3 elementor-invisible elementor-widget elementor-widget-image\" data-id=\"57c36c3\" data-element_type=\"widget\" data-e-type=\"widget\" data-settings=\"{&quot;_animation&quot;:&quot;fadeInDown&quot;}\" data-widget_type=\"image.default\">\n\t\t\t\t<div class=\"elementor-widget-container\">\n\t\t\t\t\t\t\t\t\t\t\t\t\t\t\t<img decoding=\"async\" width=\"106\" height=\"106\" src=\"https:\/\/www.abd.es\/wp-content\/uploads\/2023\/10\/informacion-tercero-cartera-5.png\" class=\"attachment-large size-large wp-image-12494\" alt=\"informacion tercero cartera\" \/>\t\t\t\t\t\t\t\t\t\t\t\t\t\t\t<\/div>\n\t\t\t\t<\/div>\n\t\t\t\t<div class=\"elementor-element elementor-element-5fc655a elementor-invisible elementor-widget elementor-widget-heading\" data-id=\"5fc655a\" data-element_type=\"widget\" data-e-type=\"widget\" data-settings=\"{&quot;_animation&quot;:&quot;fadeIn&quot;}\" data-widget_type=\"heading.default\">\n\t\t\t\t<div class=\"elementor-widget-container\">\n\t\t\t\t\t<h5 class=\"elementor-heading-title elementor-size-default\">Control of receivables and payables portfolio documents<\/h5>\t\t\t\t<\/div>\n\t\t\t\t<\/div>\n\t\t\t\t<\/div>\n\t\t<div class=\"elementor-element elementor-element-2860c24 e-con-full e-flex e-con e-child\" data-id=\"2860c24\" data-element_type=\"container\" data-e-type=\"container\">\n\t\t\t\t<div class=\"elementor-element elementor-element-4fdde87 elementor-invisible elementor-widget elementor-widget-image\" data-id=\"4fdde87\" data-element_type=\"widget\" data-e-type=\"widget\" data-settings=\"{&quot;_animation&quot;:&quot;fadeInDown&quot;}\" data-widget_type=\"image.default\">\n\t\t\t\t<div class=\"elementor-widget-container\">\n\t\t\t\t\t\t\t\t\t\t\t\t\t\t\t<img loading=\"lazy\" decoding=\"async\" width=\"106\" height=\"106\" src=\"https:\/\/www.abd.es\/wp-content\/uploads\/2023\/10\/informacion-tercero-cartera-4.png\" class=\"attachment-large size-large wp-image-12495\" alt=\"informacion tercero cartera\" \/>\t\t\t\t\t\t\t\t\t\t\t\t\t\t\t<\/div>\n\t\t\t\t<\/div>\n\t\t\t\t<div class=\"elementor-element elementor-element-72bae02 elementor-invisible elementor-widget elementor-widget-heading\" data-id=\"72bae02\" data-element_type=\"widget\" data-e-type=\"widget\" data-settings=\"{&quot;_animation&quot;:&quot;fadeIn&quot;}\" data-widget_type=\"heading.default\">\n\t\t\t\t<div class=\"elementor-widget-container\">\n\t\t\t\t\t<h5 class=\"elementor-heading-title elementor-size-default\">Avoid errors when collecting or paying documents<\/h5>\t\t\t\t<\/div>\n\t\t\t\t<\/div>\n\t\t\t\t<\/div>\n\t\t\t\t\t<\/div>\n\t\t\t\t<\/div>\n\t\t\t\t\t<\/div>\n\t\t\t\t<\/div>\n\t\t\t\t<section class=\"elementor-section elementor-top-section elementor-element elementor-element-cdf84f2 elementor-section-boxed elementor-section-height-default elementor-section-height-default\" data-id=\"cdf84f2\" data-element_type=\"section\" data-e-type=\"section\" data-settings=\"{&quot;background_background&quot;:&quot;classic&quot;}\">\n\t\t\t\t\t\t<div class=\"elementor-container elementor-column-gap-default\">\n\t\t\t\t\t<div class=\"elementor-column elementor-col-66 elementor-top-column elementor-element elementor-element-5ac93d4 elementor-invisible\" data-id=\"5ac93d4\" data-element_type=\"column\" data-e-type=\"column\" data-settings=\"{&quot;animation&quot;:&quot;fadeInUp&quot;}\">\n\t\t\t<div class=\"elementor-widget-wrap elementor-element-populated\">\n\t\t\t\t\t\t<div class=\"elementor-element elementor-element-68defff elementor-widget elementor-widget-text-editor\" data-id=\"68defff\" data-element_type=\"widget\" data-e-type=\"widget\" data-widget_type=\"text-editor.default\">\n\t\t\t\t<div class=\"elementor-widget-container\">\n\t\t\t\t\t\t\t\t\t<h4 style=\"font-size: 20px; color: white;\">Do you want to implement Dynamics 365 Business Central in your company?<\/h4>\t\t\t\t\t\t\t\t<\/div>\n\t\t\t\t<\/div>\n\t\t\t\t<div class=\"elementor-element elementor-element-047eca6 elementor-widget elementor-widget-text-editor\" data-id=\"047eca6\" data-element_type=\"widget\" data-e-type=\"widget\" data-widget_type=\"text-editor.default\">\n\t\t\t\t<div class=\"elementor-widget-container\">\n\t\t\t\t\t\t\t\t\tWe can advise you and offer a tailored solution for your business needs. Enjoy the advantages of working with a certified Microsoft partner! \t\t\t\t\t\t\t\t<\/div>\n\t\t\t\t<\/div>\n\t\t\t\t\t<\/div>\n\t\t<\/div>\n\t\t\t\t<div class=\"elementor-column elementor-col-33 elementor-top-column elementor-element elementor-element-87313dd\" data-id=\"87313dd\" data-element_type=\"column\" data-e-type=\"column\">\n\t\t\t<div class=\"elementor-widget-wrap elementor-element-populated\">\n\t\t\t\t\t\t<div class=\"elementor-element elementor-element-1759712 elementor-align-center elementor-mobile-align-left elementor-invisible elementor-widget elementor-widget-button\" data-id=\"1759712\" data-element_type=\"widget\" data-e-type=\"widget\" data-settings=\"{&quot;_animation&quot;:&quot;fadeInDown&quot;}\" data-widget_type=\"button.default\">\n\t\t\t\t<div class=\"elementor-widget-container\">\n\t\t\t\t\t\t\t\t\t<div class=\"elementor-button-wrapper\">\n\t\t\t\t\t<a class=\"elementor-button elementor-button-link elementor-size-md\" href=\"https:\/\/www.abd.es\/en\/contacto\/\">\n\t\t\t\t\t\t<span class=\"elementor-button-content-wrapper\">\n\t\t\t\t\t\t\t\t\t<span class=\"elementor-button-text\">CONTACT<\/span>\n\t\t\t\t\t<\/span>\n\t\t\t\t\t<\/a>\n\t\t\t\t<\/div>\n\t\t\t\t\t\t\t\t<\/div>\n\t\t\t\t<\/div>\n\t\t\t\t\t<\/div>\n\t\t<\/div>\n\t\t\t\t\t<\/div>\n\t\t<\/section>\n\t\t\t\t<\/div>","protected":false},"excerpt":{"rendered":"<p>Extensi\u00f3n informaci\u00f3n del tercero en cartera Esta extensi\u00f3n permite visualizar el nombre del cliente o proveedor en movimientos, \u00f3rdenes de pago y remesas de la funcionalidad Cartera. Nombre de terceros en Microsoft Dynamics Business Central Microsoft Dynamics Business Central no ofrece la posibilidad de mostrar el nombre del tercero en los documentos a cobrar o [&hellip;]<\/p>\n","protected":false},"author":1,"featured_media":0,"parent":0,"menu_order":0,"comment_status":"closed","ping_status":"closed","template":"elementor_header_footer","meta":{"_uf_show_specific_survey":0,"_uf_disable_surveys":false,"footnotes":""},"class_list":["post-11882","page","type-page","status-publish","hentry"],"yoast_head":"<!-- This site is optimized with the Yoast SEO plugin v27.4 - https:\/\/yoast.com\/product\/yoast-seo-wordpress\/ -->\n<title>Informaci\u00f3n del tercero en cartera - ABD Consultora Inform\u00e1tica<\/title>\n<meta name=\"robots\" content=\"index, follow, max-snippet:-1, max-image-preview:large, max-video-preview:-1\" \/>\n<link rel=\"canonical\" href=\"https:\/\/www.abd.es\/en\/informacion-tercero-cartera\/\" \/>\n<meta property=\"og:locale\" content=\"en_GB\" \/>\n<meta property=\"og:type\" content=\"article\" \/>\n<meta property=\"og:title\" content=\"Informaci\u00f3n del tercero en cartera - ABD Consultora Inform\u00e1tica\" \/>\n<meta property=\"og:description\" content=\"Extensi\u00f3n informaci\u00f3n del tercero en cartera Esta extensi\u00f3n permite visualizar el nombre del cliente o proveedor en movimientos, \u00f3rdenes de pago y remesas de la funcionalidad Cartera. Nombre de terceros en Microsoft Dynamics Business Central Microsoft Dynamics Business Central no ofrece la posibilidad de mostrar el nombre del tercero en los documentos a cobrar o [&hellip;]\" \/>\n<meta property=\"og:url\" content=\"https:\/\/www.abd.es\/en\/informacion-tercero-cartera\/\" \/>\n<meta property=\"og:site_name\" content=\"ABD Consultora Inform\u00e1tica\" \/>\n<meta property=\"article:modified_time\" content=\"2025-11-05T13:11:59+00:00\" \/>\n<meta property=\"og:image\" content=\"https:\/\/www.abd.es\/wp-content\/uploads\/2025\/11\/microsoft-dynamics-365-business-central.webp\" \/>\n\t<meta property=\"og:image:width\" content=\"1324\" \/>\n\t<meta property=\"og:image:height\" content=\"183\" \/>\n\t<meta property=\"og:image:type\" content=\"image\/webp\" \/>\n<meta name=\"twitter:card\" content=\"summary_large_image\" \/>\n<meta name=\"twitter:label1\" content=\"Estimated reading time\" \/>\n\t<meta name=\"twitter:data1\" content=\"2 minutes\" \/>\n<script type=\"application\/ld+json\" class=\"yoast-schema-graph\">{\"@context\":\"https:\\\/\\\/schema.org\",\"@graph\":[{\"@type\":\"WebPage\",\"@id\":\"https:\\\/\\\/www.abd.es\\\/informacion-tercero-cartera\\\/\",\"url\":\"https:\\\/\\\/www.abd.es\\\/informacion-tercero-cartera\\\/\",\"name\":\"Informaci\u00f3n del tercero en cartera - ABD Consultora Inform\u00e1tica\",\"isPartOf\":{\"@id\":\"https:\\\/\\\/www.abd.es\\\/#website\"},\"primaryImageOfPage\":{\"@id\":\"https:\\\/\\\/www.abd.es\\\/informacion-tercero-cartera\\\/#primaryimage\"},\"image\":{\"@id\":\"https:\\\/\\\/www.abd.es\\\/informacion-tercero-cartera\\\/#primaryimage\"},\"thumbnailUrl\":\"https:\\\/\\\/www.abd.es\\\/wp-content\\\/uploads\\\/2025\\\/11\\\/microsoft-dynamics-365-business-central-1024x142.webp\",\"datePublished\":\"2023-09-26T11:47:51+00:00\",\"dateModified\":\"2025-11-05T13:11:59+00:00\",\"breadcrumb\":{\"@id\":\"https:\\\/\\\/www.abd.es\\\/informacion-tercero-cartera\\\/#breadcrumb\"},\"inLanguage\":\"en-GB\",\"potentialAction\":[{\"@type\":\"ReadAction\",\"target\":[\"https:\\\/\\\/www.abd.es\\\/informacion-tercero-cartera\\\/\"]}]},{\"@type\":\"ImageObject\",\"inLanguage\":\"en-GB\",\"@id\":\"https:\\\/\\\/www.abd.es\\\/informacion-tercero-cartera\\\/#primaryimage\",\"url\":\"https:\\\/\\\/www.abd.es\\\/wp-content\\\/uploads\\\/2025\\\/11\\\/microsoft-dynamics-365-business-central-1024x142.webp\",\"contentUrl\":\"https:\\\/\\\/www.abd.es\\\/wp-content\\\/uploads\\\/2025\\\/11\\\/microsoft-dynamics-365-business-central-1024x142.webp\"},{\"@type\":\"BreadcrumbList\",\"@id\":\"https:\\\/\\\/www.abd.es\\\/informacion-tercero-cartera\\\/#breadcrumb\",\"itemListElement\":[{\"@type\":\"ListItem\",\"position\":1,\"name\":\"Portada\",\"item\":\"https:\\\/\\\/www.abd.es\\\/\"},{\"@type\":\"ListItem\",\"position\":2,\"name\":\"Informaci\u00f3n del tercero en cartera\"}]},{\"@type\":\"WebSite\",\"@id\":\"https:\\\/\\\/www.abd.es\\\/#website\",\"url\":\"https:\\\/\\\/www.abd.es\\\/\",\"name\":\"ABD Consultora Inform\u00e1tica\",\"description\":\"Soluciones Empresariales | Microsoft Gold Partner\",\"publisher\":{\"@id\":\"https:\\\/\\\/www.abd.es\\\/#organization\"},\"potentialAction\":[{\"@type\":\"SearchAction\",\"target\":{\"@type\":\"EntryPoint\",\"urlTemplate\":\"https:\\\/\\\/www.abd.es\\\/?s={search_term_string}\"},\"query-input\":{\"@type\":\"PropertyValueSpecification\",\"valueRequired\":true,\"valueName\":\"search_term_string\"}}],\"inLanguage\":\"en-GB\"},{\"@type\":\"Organization\",\"@id\":\"https:\\\/\\\/www.abd.es\\\/#organization\",\"name\":\"ABD Consultora Inform\u00e1tica\",\"url\":\"https:\\\/\\\/www.abd.es\\\/\",\"logo\":{\"@type\":\"ImageObject\",\"inLanguage\":\"en-GB\",\"@id\":\"https:\\\/\\\/www.abd.es\\\/#\\\/schema\\\/logo\\\/image\\\/\",\"url\":\"https:\\\/\\\/www.abd.es\\\/wp-content\\\/uploads\\\/2023\\\/09\\\/cropped-consultoria-informatica-11.png\",\"contentUrl\":\"https:\\\/\\\/www.abd.es\\\/wp-content\\\/uploads\\\/2023\\\/09\\\/cropped-consultoria-informatica-11.png\",\"width\":64,\"height\":64,\"caption\":\"ABD Consultora Inform\u00e1tica\"},\"image\":{\"@id\":\"https:\\\/\\\/www.abd.es\\\/#\\\/schema\\\/logo\\\/image\\\/\"},\"sameAs\":[\"https:\\\/\\\/www.linkedin.com\\\/company\\\/abd-consultor-a-y-soluciones-inform-ticas\\\/\"]}]}<\/script>\n<!-- \/ Yoast SEO plugin. -->","yoast_head_json":{"title":"Informaci\u00f3n del tercero en cartera - ABD Consultora Inform\u00e1tica","robots":{"index":"index","follow":"follow","max-snippet":"max-snippet:-1","max-image-preview":"max-image-preview:large","max-video-preview":"max-video-preview:-1"},"canonical":"https:\/\/www.abd.es\/en\/informacion-tercero-cartera\/","og_locale":"en_GB","og_type":"article","og_title":"Informaci\u00f3n del tercero en cartera - ABD Consultora Inform\u00e1tica","og_description":"Extensi\u00f3n informaci\u00f3n del tercero en cartera Esta extensi\u00f3n permite visualizar el nombre del cliente o proveedor en movimientos, \u00f3rdenes de pago y remesas de la funcionalidad Cartera. Nombre de terceros en Microsoft Dynamics Business Central Microsoft Dynamics Business Central no ofrece la posibilidad de mostrar el nombre del tercero en los documentos a cobrar o [&hellip;]","og_url":"https:\/\/www.abd.es\/en\/informacion-tercero-cartera\/","og_site_name":"ABD Consultora Inform\u00e1tica","article_modified_time":"2025-11-05T13:11:59+00:00","og_image":[{"width":1324,"height":183,"url":"https:\/\/www.abd.es\/wp-content\/uploads\/2025\/11\/microsoft-dynamics-365-business-central.webp","type":"image\/webp"}],"twitter_card":"summary_large_image","twitter_misc":{"Estimated reading time":"2 minutes"},"schema":{"@context":"https:\/\/schema.org","@graph":[{"@type":"WebPage","@id":"https:\/\/www.abd.es\/informacion-tercero-cartera\/","url":"https:\/\/www.abd.es\/informacion-tercero-cartera\/","name":"Informaci\u00f3n del tercero en cartera - ABD Consultora Inform\u00e1tica","isPartOf":{"@id":"https:\/\/www.abd.es\/#website"},"primaryImageOfPage":{"@id":"https:\/\/www.abd.es\/informacion-tercero-cartera\/#primaryimage"},"image":{"@id":"https:\/\/www.abd.es\/informacion-tercero-cartera\/#primaryimage"},"thumbnailUrl":"https:\/\/www.abd.es\/wp-content\/uploads\/2025\/11\/microsoft-dynamics-365-business-central-1024x142.webp","datePublished":"2023-09-26T11:47:51+00:00","dateModified":"2025-11-05T13:11:59+00:00","breadcrumb":{"@id":"https:\/\/www.abd.es\/informacion-tercero-cartera\/#breadcrumb"},"inLanguage":"en-GB","potentialAction":[{"@type":"ReadAction","target":["https:\/\/www.abd.es\/informacion-tercero-cartera\/"]}]},{"@type":"ImageObject","inLanguage":"en-GB","@id":"https:\/\/www.abd.es\/informacion-tercero-cartera\/#primaryimage","url":"https:\/\/www.abd.es\/wp-content\/uploads\/2025\/11\/microsoft-dynamics-365-business-central-1024x142.webp","contentUrl":"https:\/\/www.abd.es\/wp-content\/uploads\/2025\/11\/microsoft-dynamics-365-business-central-1024x142.webp"},{"@type":"BreadcrumbList","@id":"https:\/\/www.abd.es\/informacion-tercero-cartera\/#breadcrumb","itemListElement":[{"@type":"ListItem","position":1,"name":"Portada","item":"https:\/\/www.abd.es\/"},{"@type":"ListItem","position":2,"name":"Informaci\u00f3n del tercero en cartera"}]},{"@type":"WebSite","@id":"https:\/\/www.abd.es\/#website","url":"https:\/\/www.abd.es\/","name":"ABD IT Consulting","description":"Business Solutions | Microsoft Gold Partner","publisher":{"@id":"https:\/\/www.abd.es\/#organization"},"potentialAction":[{"@type":"SearchAction","target":{"@type":"EntryPoint","urlTemplate":"https:\/\/www.abd.es\/?s={search_term_string}"},"query-input":{"@type":"PropertyValueSpecification","valueRequired":true,"valueName":"search_term_string"}}],"inLanguage":"en-GB"},{"@type":"Organization","@id":"https:\/\/www.abd.es\/#organization","name":"ABD IT Consulting","url":"https:\/\/www.abd.es\/","logo":{"@type":"ImageObject","inLanguage":"en-GB","@id":"https:\/\/www.abd.es\/#\/schema\/logo\/image\/","url":"https:\/\/www.abd.es\/wp-content\/uploads\/2023\/09\/cropped-consultoria-informatica-11.png","contentUrl":"https:\/\/www.abd.es\/wp-content\/uploads\/2023\/09\/cropped-consultoria-informatica-11.png","width":64,"height":64,"caption":"ABD Consultora Inform\u00e1tica"},"image":{"@id":"https:\/\/www.abd.es\/#\/schema\/logo\/image\/"},"sameAs":["https:\/\/www.linkedin.com\/company\/abd-consultor-a-y-soluciones-inform-ticas\/"]}]}},"_links":{"self":[{"href":"https:\/\/www.abd.es\/en\/wp-json\/wp\/v2\/pages\/11882","targetHints":{"allow":["GET"]}}],"collection":[{"href":"https:\/\/www.abd.es\/en\/wp-json\/wp\/v2\/pages"}],"about":[{"href":"https:\/\/www.abd.es\/en\/wp-json\/wp\/v2\/types\/page"}],"author":[{"embeddable":true,"href":"https:\/\/www.abd.es\/en\/wp-json\/wp\/v2\/users\/1"}],"replies":[{"embeddable":true,"href":"https:\/\/www.abd.es\/en\/wp-json\/wp\/v2\/comments?post=11882"}],"version-history":[{"count":3,"href":"https:\/\/www.abd.es\/en\/wp-json\/wp\/v2\/pages\/11882\/revisions"}],"predecessor-version":[{"id":32984,"href":"https:\/\/www.abd.es\/en\/wp-json\/wp\/v2\/pages\/11882\/revisions\/32984"}],"wp:attachment":[{"href":"https:\/\/www.abd.es\/en\/wp-json\/wp\/v2\/media?parent=11882"}],"curies":[{"name":"wp","href":"https:\/\/api.w.org\/{rel}","templated":true}]}}