{"id":13103,"date":"2023-10-20T10:28:25","date_gmt":"2023-10-20T08:28:25","guid":{"rendered":"https:\/\/www.abd.es\/?page_id=13103"},"modified":"2026-02-04T09:01:34","modified_gmt":"2026-02-04T08:01:34","slug":"soporte","status":"publish","type":"page","link":"https:\/\/www.abd.es\/en\/soporte\/","title":{"rendered":"Support"},"content":{"rendered":"<div data-elementor-type=\"wp-page\" data-elementor-id=\"13103\" class=\"elementor elementor-13103\" data-elementor-post-type=\"page\">\n\t\t\t\t\t\t<section class=\"elementor-section elementor-top-section elementor-element elementor-element-09d9418 elementor-section-full_width elementor-section-height-default elementor-section-height-default\" data-id=\"09d9418\" data-element_type=\"section\" data-e-type=\"section\" data-settings=\"{&quot;background_background&quot;:&quot;classic&quot;,&quot;shape_divider_bottom&quot;:&quot;waves&quot;}\">\n\t\t\t\t\t\t\t<div class=\"elementor-background-overlay\"><\/div>\n\t\t\t\t\t\t<div class=\"elementor-shape elementor-shape-bottom\" aria-hidden=\"true\" data-negative=\"false\">\n\t\t\t<svg xmlns=\"http:\/\/www.w3.org\/2000\/svg\" viewbox=\"0 0 1000 100\" preserveaspectratio=\"none\">\n\t<path class=\"elementor-shape-fill\" d=\"M421.9,6.5c22.6-2.5,51.5,0.4,75.5,5.3c23.6,4.9,70.9,23.5,100.5,35.7c75.8,32.2,133.7,44.5,192.6,49.7\tc23.6,2.1,48.7,3.5,103.4-2.5c54.7-6,106.2-25.6,106.2-25.6V0H0v30.3c0,0,72,32.6,158.4,30.5c39.2-0.7,92.8-6.7,134-22.4\tc21.2-8.1,52.2-18.2,79.7-24.2C399.3,7.9,411.6,7.5,421.9,6.5z\"\/>\n<\/svg>\t\t<\/div>\n\t\t\t\t\t<div class=\"elementor-container elementor-column-gap-default\">\n\t\t\t\t\t<div class=\"elementor-column elementor-col-100 elementor-top-column elementor-element elementor-element-dae7e0f\" data-id=\"dae7e0f\" data-element_type=\"column\" data-e-type=\"column\">\n\t\t\t<div class=\"elementor-widget-wrap elementor-element-populated\">\n\t\t\t\t\t\t<div class=\"elementor-element elementor-element-a1f2219 elementor-invisible elementor-widget elementor-widget-heading\" data-id=\"a1f2219\" data-element_type=\"widget\" data-e-type=\"widget\" data-settings=\"{&quot;_animation&quot;:&quot;fadeInDown&quot;}\" data-widget_type=\"heading.default\">\n\t\t\t\t<div class=\"elementor-widget-container\">\n\t\t\t\t\t<h1 class=\"elementor-heading-title elementor-size-default\">Support<\/h1>\t\t\t\t<\/div>\n\t\t\t\t<\/div>\n\t\t\t\t\t<\/div>\n\t\t<\/div>\n\t\t\t\t\t<\/div>\n\t\t<\/section>\n\t\t\t\t<section class=\"elementor-section elementor-top-section elementor-element elementor-element-d675cc9 elementor-section-full_width elementor-section-height-default elementor-section-height-default\" data-id=\"d675cc9\" data-element_type=\"section\" data-e-type=\"section\">\n\t\t\t\t\t\t<div class=\"elementor-container elementor-column-gap-default\">\n\t\t\t\t\t<div class=\"elementor-column elementor-col-100 elementor-top-column elementor-element elementor-element-9029194\" data-id=\"9029194\" data-element_type=\"column\" data-e-type=\"column\">\n\t\t\t<div class=\"elementor-widget-wrap elementor-element-populated\">\n\t\t\t\t\t\t<section class=\"elementor-section elementor-inner-section elementor-element elementor-element-294f564 elementor-section-full_width elementor-section-content-middle elementor-section-height-default elementor-section-height-default\" data-id=\"294f564\" data-element_type=\"section\" data-e-type=\"section\">\n\t\t\t\t\t\t<div class=\"elementor-container elementor-column-gap-narrow\">\n\t\t\t\t\t<div class=\"elementor-column elementor-col-50 elementor-inner-column elementor-element elementor-element-c42dfcd animated-slow\" data-id=\"c42dfcd\" data-element_type=\"column\" data-e-type=\"column\" data-settings=\"{&quot;animation&quot;:&quot;none&quot;}\">\n\t\t\t<div class=\"elementor-widget-wrap elementor-element-populated\">\n\t\t\t\t\t\t<div class=\"elementor-element elementor-element-31c0595 animated-slow elementor-invisible elementor-widget elementor-widget-image\" data-id=\"31c0595\" data-element_type=\"widget\" data-e-type=\"widget\" data-settings=\"{&quot;_animation&quot;:&quot;fadeInLeft&quot;}\" data-widget_type=\"image.default\">\n\t\t\t\t<div class=\"elementor-widget-container\">\n\t\t\t\t\t\t\t\t\t\t\t\t\t\t\t<img fetchpriority=\"high\" decoding=\"async\" width=\"1022\" height=\"1036\" src=\"https:\/\/www.abd.es\/wp-content\/uploads\/2023\/10\/soporte-3.jpg\" class=\"attachment-full size-full wp-image-13106\" alt=\"soporte\" \/>\t\t\t\t\t\t\t\t\t\t\t\t\t\t\t<\/div>\n\t\t\t\t<\/div>\n\t\t\t\t\t<\/div>\n\t\t<\/div>\n\t\t\t\t<div class=\"elementor-column elementor-col-50 elementor-inner-column elementor-element elementor-element-5b40c2a elementor-invisible\" data-id=\"5b40c2a\" data-element_type=\"column\" data-e-type=\"column\" data-settings=\"{&quot;animation&quot;:&quot;fadeInRight&quot;}\">\n\t\t\t<div class=\"elementor-widget-wrap elementor-element-populated\">\n\t\t\t\t\t\t<div class=\"elementor-element elementor-element-8f765cd elementor-widget elementor-widget-heading\" data-id=\"8f765cd\" data-element_type=\"widget\" data-e-type=\"widget\" data-widget_type=\"heading.default\">\n\t\t\t\t<div class=\"elementor-widget-container\">\n\t\t\t\t\t<h2 class=\"elementor-heading-title elementor-size-default\">Technical support\n<\/h2>\t\t\t\t<\/div>\n\t\t\t\t<\/div>\n\t\t\t\t<div class=\"elementor-element elementor-element-a6b6a10 elementor-widget__width-initial elementor-invisible elementor-widget elementor-widget-text-editor\" data-id=\"a6b6a10\" data-element_type=\"widget\" data-e-type=\"widget\" data-settings=\"{&quot;_animation&quot;:&quot;fadeInUp&quot;}\" data-widget_type=\"text-editor.default\">\n\t\t\t\t<div class=\"elementor-widget-container\">\n\t\t\t\t\t\t\t\t\t<h2 style=\"text-align: center;\"><strong><span style=\"font-size: 16px; color: #7a7a7a;\">We connect remotely to your device.<\/span><\/strong><\/h2><h2 style=\"text-align: center;\"><strong><span style=\"font-size: 16px; color: #7a7a7a;\">Click the button below and download the version compatible with your device.<\/span><\/strong><\/h2>\t\t\t\t\t\t\t\t<\/div>\n\t\t\t\t<\/div>\n\t\t\t\t<div class=\"elementor-element elementor-element-e3312f1 elementor-align-center elementor-mobile-align-left elementor-hidden-desktop elementor-hidden-tablet elementor-hidden-mobile elementor-invisible elementor-widget elementor-widget-button\" data-id=\"e3312f1\" data-element_type=\"widget\" data-e-type=\"widget\" data-settings=\"{&quot;_animation&quot;:&quot;fadeInDown&quot;}\" data-widget_type=\"button.default\">\n\t\t\t\t<div class=\"elementor-widget-container\">\n\t\t\t\t\t\t\t\t\t<div class=\"elementor-button-wrapper\">\n\t\t\t\t\t<a class=\"elementor-button elementor-button-link elementor-size-md elementor-animation-grow\" href=\"https:\/\/get.teamviewer.com\/ABDSL\">\n\t\t\t\t\t\t<span class=\"elementor-button-content-wrapper\">\n\t\t\t\t\t\t\t\t\t<span class=\"elementor-button-text\">REQUEST ONLINE SUPPORT<\/span>\n\t\t\t\t\t<\/span>\n\t\t\t\t\t<\/a>\n\t\t\t\t<\/div>\n\t\t\t\t\t\t\t\t<\/div>\n\t\t\t\t<\/div>\n\t\t\t\t<div class=\"elementor-element elementor-element-ae25c3e elementor-align-center elementor-mobile-align-left elementor-invisible elementor-widget elementor-widget-button\" data-id=\"ae25c3e\" data-element_type=\"widget\" data-e-type=\"widget\" data-settings=\"{&quot;_animation&quot;:&quot;fadeInDown&quot;}\" data-widget_type=\"button.default\">\n\t\t\t\t<div class=\"elementor-widget-container\">\n\t\t\t\t\t\t\t\t\t<div class=\"elementor-button-wrapper\">\n\t\t\t\t\t<a class=\"elementor-button elementor-button-link elementor-size-md elementor-animation-grow\" href=\"https:\/\/www.supremocontrol.com\/public\/download\/Supremo.exe\" target=\"_blank\">\n\t\t\t\t\t\t<span class=\"elementor-button-content-wrapper\">\n\t\t\t\t\t\t<span class=\"elementor-button-icon\">\n\t\t\t\t<i aria-hidden=\"true\" class=\"fab fa-windows\"><\/i>\t\t\t<\/span>\n\t\t\t\t\t\t\t\t\t<span class=\"elementor-button-text\">SUPPORT FOR WINDOWS<\/span>\n\t\t\t\t\t<\/span>\n\t\t\t\t\t<\/a>\n\t\t\t\t<\/div>\n\t\t\t\t\t\t\t\t<\/div>\n\t\t\t\t<\/div>\n\t\t\t\t<div class=\"elementor-element elementor-element-023f116 elementor-align-center elementor-mobile-align-left elementor-invisible elementor-widget elementor-widget-button\" data-id=\"023f116\" data-element_type=\"widget\" data-e-type=\"widget\" data-settings=\"{&quot;_animation&quot;:&quot;fadeInDown&quot;}\" data-widget_type=\"button.default\">\n\t\t\t\t<div class=\"elementor-widget-container\">\n\t\t\t\t\t\t\t\t\t<div class=\"elementor-button-wrapper\">\n\t\t\t\t\t<a class=\"elementor-button elementor-button-link elementor-size-md elementor-animation-grow\" href=\"https:\/\/www.nanosystems.com\/public\/download\/macOS\/stable\/Supremo.dmg\" target=\"_blank\">\n\t\t\t\t\t\t<span class=\"elementor-button-content-wrapper\">\n\t\t\t\t\t\t<span class=\"elementor-button-icon\">\n\t\t\t\t<i aria-hidden=\"true\" class=\"fab fa-apple\"><\/i>\t\t\t<\/span>\n\t\t\t\t\t\t\t\t\t<span class=\"elementor-button-text\">SUPPORT FOR MAC<\/span>\n\t\t\t\t\t<\/span>\n\t\t\t\t\t<\/a>\n\t\t\t\t<\/div>\n\t\t\t\t\t\t\t\t<\/div>\n\t\t\t\t<\/div>\n\t\t\t\t<div class=\"elementor-element elementor-element-518b7e3 elementor-align-center elementor-mobile-align-left elementor-invisible elementor-widget elementor-widget-button\" data-id=\"518b7e3\" data-element_type=\"widget\" data-e-type=\"widget\" data-settings=\"{&quot;_animation&quot;:&quot;fadeInDown&quot;}\" data-widget_type=\"button.default\">\n\t\t\t\t<div class=\"elementor-widget-container\">\n\t\t\t\t\t\t\t\t\t<div class=\"elementor-button-wrapper\">\n\t\t\t\t\t<a class=\"elementor-button elementor-button-link elementor-size-md elementor-animation-grow\" href=\"https:\/\/www.nanosystems.com\/public\/download\/old\/Supremo.exe\" target=\"_blank\">\n\t\t\t\t\t\t<span class=\"elementor-button-content-wrapper\">\n\t\t\t\t\t\t<span class=\"elementor-button-icon\">\n\t\t\t\t<i aria-hidden=\"true\" class=\"fab fa-linux\"><\/i>\t\t\t<\/span>\n\t\t\t\t\t\t\t\t\t<span class=\"elementor-button-text\">SUPPORT FOR LINUX<\/span>\n\t\t\t\t\t<\/span>\n\t\t\t\t\t<\/a>\n\t\t\t\t<\/div>\n\t\t\t\t\t\t\t\t<\/div>\n\t\t\t\t<\/div>\n\t\t\t\t<div class=\"elementor-element elementor-element-de208e3 elementor-align-center elementor-mobile-align-left elementor-invisible elementor-widget elementor-widget-button\" data-id=\"de208e3\" data-element_type=\"widget\" data-e-type=\"widget\" data-settings=\"{&quot;_animation&quot;:&quot;fadeInDown&quot;}\" data-widget_type=\"button.default\">\n\t\t\t\t<div class=\"elementor-widget-container\">\n\t\t\t\t\t\t\t\t\t<div class=\"elementor-button-wrapper\">\n\t\t\t\t\t<a class=\"elementor-button elementor-button-link elementor-size-md elementor-animation-grow\" href=\"https:\/\/play.google.com\/store\/apps\/details?id=it.nanosystems.supremo.host\" target=\"_blank\">\n\t\t\t\t\t\t<span class=\"elementor-button-content-wrapper\">\n\t\t\t\t\t\t<span class=\"elementor-button-icon\">\n\t\t\t\t<i aria-hidden=\"true\" class=\"fab fa-android\"><\/i>\t\t\t<\/span>\n\t\t\t\t\t\t\t\t\t<span class=\"elementor-button-text\">SUPPORT FOR ANDROID<\/span>\n\t\t\t\t\t<\/span>\n\t\t\t\t\t<\/a>\n\t\t\t\t<\/div>\n\t\t\t\t\t\t\t\t<\/div>\n\t\t\t\t<\/div>\n\t\t\t\t<div class=\"elementor-element elementor-element-81316d1 elementor-align-center elementor-mobile-align-left elementor-invisible elementor-widget elementor-widget-button\" data-id=\"81316d1\" data-element_type=\"widget\" data-e-type=\"widget\" data-settings=\"{&quot;_animation&quot;:&quot;fadeInDown&quot;}\" data-widget_type=\"button.default\">\n\t\t\t\t<div class=\"elementor-widget-container\">\n\t\t\t\t\t\t\t\t\t<div class=\"elementor-button-wrapper\">\n\t\t\t\t\t<a class=\"elementor-button elementor-button-link elementor-size-md elementor-animation-grow\" href=\"https:\/\/apps.apple.com\/it\/app\/supremo-remote-desktop\/id1234533875\" target=\"_blank\">\n\t\t\t\t\t\t<span class=\"elementor-button-content-wrapper\">\n\t\t\t\t\t\t<span class=\"elementor-button-icon\">\n\t\t\t\t<i aria-hidden=\"true\" class=\"fab fa-apple\"><\/i>\t\t\t<\/span>\n\t\t\t\t\t\t\t\t\t<span class=\"elementor-button-text\">SUPPORT FOR IPHONE<\/span>\n\t\t\t\t\t<\/span>\n\t\t\t\t\t<\/a>\n\t\t\t\t<\/div>\n\t\t\t\t\t\t\t\t<\/div>\n\t\t\t\t<\/div>\n\t\t\t\t\t<\/div>\n\t\t<\/div>\n\t\t\t\t\t<\/div>\n\t\t<\/section>\n\t\t\t\t\t<\/div>\n\t\t<\/div>\n\t\t\t\t\t<\/div>\n\t\t<\/section>\n\t\t\t\t<\/div>","protected":false},"excerpt":{"rendered":"<p>Soporte Soporte t\u00e9cnico Nos conectamos en remoto a tu equipo. Pulsa en el siguiente bot\u00f3n y descarga la versi\u00f3n compatible con tu dispositivo. SOLICITA SOPORTE ONLINE SOPORTE PARA WINDOWS SOPORTE PARA MAC SOPORTE PARA LINUX SOPORTE PARA ANDROID SOPORTE PARA IPHONE<\/p>","protected":false},"author":1,"featured_media":0,"parent":0,"menu_order":0,"comment_status":"closed","ping_status":"closed","template":"elementor_header_footer","meta":{"_uf_show_specific_survey":0,"_uf_disable_surveys":false,"footnotes":""},"class_list":["post-13103","page","type-page","status-publish","hentry"],"yoast_head":"<!-- This site is optimized with the Yoast SEO plugin v27.4 - https:\/\/yoast.com\/product\/yoast-seo-wordpress\/ -->\n<title>Soporte - ABD Consultora Inform\u00e1tica<\/title>\n<meta name=\"robots\" content=\"index, follow, max-snippet:-1, max-image-preview:large, max-video-preview:-1\" \/>\n<link rel=\"canonical\" href=\"https:\/\/www.abd.es\/en\/soporte\/\" \/>\n<meta property=\"og:locale\" content=\"en_GB\" \/>\n<meta property=\"og:type\" content=\"article\" \/>\n<meta property=\"og:title\" content=\"Soporte - ABD Consultora Inform\u00e1tica\" \/>\n<meta property=\"og:description\" content=\"Soporte Soporte t\u00e9cnico Nos conectamos en remoto a tu equipo. Pulsa en el siguiente bot\u00f3n y descarga la versi\u00f3n compatible con tu dispositivo. SOLICITA SOPORTE ONLINE SOPORTE PARA WINDOWS SOPORTE PARA MAC SOPORTE PARA LINUX SOPORTE PARA ANDROID SOPORTE PARA IPHONE\" \/>\n<meta property=\"og:url\" content=\"https:\/\/www.abd.es\/en\/soporte\/\" \/>\n<meta property=\"og:site_name\" content=\"ABD Consultora Inform\u00e1tica\" \/>\n<meta property=\"article:modified_time\" content=\"2026-02-04T08:01:34+00:00\" \/>\n<meta property=\"og:image\" content=\"https:\/\/www.abd.es\/wp-content\/uploads\/2023\/10\/soporte-3.jpg\" \/>\n\t<meta property=\"og:image:width\" content=\"1022\" \/>\n\t<meta property=\"og:image:height\" content=\"1036\" \/>\n\t<meta property=\"og:image:type\" content=\"image\/jpeg\" \/>\n<meta name=\"twitter:card\" content=\"summary_large_image\" \/>\n<meta name=\"twitter:label1\" content=\"Estimated reading time\" \/>\n\t<meta name=\"twitter:data1\" content=\"1 minute\" \/>\n<script type=\"application\/ld+json\" class=\"yoast-schema-graph\">{\"@context\":\"https:\\\/\\\/schema.org\",\"@graph\":[{\"@type\":\"WebPage\",\"@id\":\"https:\\\/\\\/www.abd.es\\\/soporte\\\/\",\"url\":\"https:\\\/\\\/www.abd.es\\\/soporte\\\/\",\"name\":\"Soporte - ABD Consultora Inform\u00e1tica\",\"isPartOf\":{\"@id\":\"https:\\\/\\\/www.abd.es\\\/#website\"},\"primaryImageOfPage\":{\"@id\":\"https:\\\/\\\/www.abd.es\\\/soporte\\\/#primaryimage\"},\"image\":{\"@id\":\"https:\\\/\\\/www.abd.es\\\/soporte\\\/#primaryimage\"},\"thumbnailUrl\":\"https:\\\/\\\/www.abd.es\\\/wp-content\\\/uploads\\\/2023\\\/10\\\/soporte-3.jpg\",\"datePublished\":\"2023-10-20T08:28:25+00:00\",\"dateModified\":\"2026-02-04T08:01:34+00:00\",\"breadcrumb\":{\"@id\":\"https:\\\/\\\/www.abd.es\\\/soporte\\\/#breadcrumb\"},\"inLanguage\":\"en-GB\",\"potentialAction\":[{\"@type\":\"ReadAction\",\"target\":[\"https:\\\/\\\/www.abd.es\\\/soporte\\\/\"]}]},{\"@type\":\"ImageObject\",\"inLanguage\":\"en-GB\",\"@id\":\"https:\\\/\\\/www.abd.es\\\/soporte\\\/#primaryimage\",\"url\":\"https:\\\/\\\/www.abd.es\\\/wp-content\\\/uploads\\\/2023\\\/10\\\/soporte-3.jpg\",\"contentUrl\":\"https:\\\/\\\/www.abd.es\\\/wp-content\\\/uploads\\\/2023\\\/10\\\/soporte-3.jpg\"},{\"@type\":\"BreadcrumbList\",\"@id\":\"https:\\\/\\\/www.abd.es\\\/soporte\\\/#breadcrumb\",\"itemListElement\":[{\"@type\":\"ListItem\",\"position\":1,\"name\":\"Portada\",\"item\":\"https:\\\/\\\/www.abd.es\\\/\"},{\"@type\":\"ListItem\",\"position\":2,\"name\":\"Soporte\"}]},{\"@type\":\"WebSite\",\"@id\":\"https:\\\/\\\/www.abd.es\\\/#website\",\"url\":\"https:\\\/\\\/www.abd.es\\\/\",\"name\":\"ABD Consultora Inform\u00e1tica\",\"description\":\"Soluciones Empresariales | Microsoft Gold Partner\",\"publisher\":{\"@id\":\"https:\\\/\\\/www.abd.es\\\/#organization\"},\"potentialAction\":[{\"@type\":\"SearchAction\",\"target\":{\"@type\":\"EntryPoint\",\"urlTemplate\":\"https:\\\/\\\/www.abd.es\\\/?s={search_term_string}\"},\"query-input\":{\"@type\":\"PropertyValueSpecification\",\"valueRequired\":true,\"valueName\":\"search_term_string\"}}],\"inLanguage\":\"en-GB\"},{\"@type\":\"Organization\",\"@id\":\"https:\\\/\\\/www.abd.es\\\/#organization\",\"name\":\"ABD Consultora Inform\u00e1tica\",\"url\":\"https:\\\/\\\/www.abd.es\\\/\",\"logo\":{\"@type\":\"ImageObject\",\"inLanguage\":\"en-GB\",\"@id\":\"https:\\\/\\\/www.abd.es\\\/#\\\/schema\\\/logo\\\/image\\\/\",\"url\":\"https:\\\/\\\/www.abd.es\\\/wp-content\\\/uploads\\\/2023\\\/09\\\/cropped-consultoria-informatica-11.png\",\"contentUrl\":\"https:\\\/\\\/www.abd.es\\\/wp-content\\\/uploads\\\/2023\\\/09\\\/cropped-consultoria-informatica-11.png\",\"width\":64,\"height\":64,\"caption\":\"ABD Consultora Inform\u00e1tica\"},\"image\":{\"@id\":\"https:\\\/\\\/www.abd.es\\\/#\\\/schema\\\/logo\\\/image\\\/\"},\"sameAs\":[\"https:\\\/\\\/www.linkedin.com\\\/company\\\/abd-consultor-a-y-soluciones-inform-ticas\\\/\"]}]}<\/script>\n<!-- \/ Yoast SEO plugin. -->","yoast_head_json":{"title":"Soporte - ABD Consultora Inform\u00e1tica","robots":{"index":"index","follow":"follow","max-snippet":"max-snippet:-1","max-image-preview":"max-image-preview:large","max-video-preview":"max-video-preview:-1"},"canonical":"https:\/\/www.abd.es\/en\/soporte\/","og_locale":"en_GB","og_type":"article","og_title":"Soporte - ABD Consultora Inform\u00e1tica","og_description":"Soporte Soporte t\u00e9cnico Nos conectamos en remoto a tu equipo. Pulsa en el siguiente bot\u00f3n y descarga la versi\u00f3n compatible con tu dispositivo. SOLICITA SOPORTE ONLINE SOPORTE PARA WINDOWS SOPORTE PARA MAC SOPORTE PARA LINUX SOPORTE PARA ANDROID SOPORTE PARA IPHONE","og_url":"https:\/\/www.abd.es\/en\/soporte\/","og_site_name":"ABD Consultora Inform\u00e1tica","article_modified_time":"2026-02-04T08:01:34+00:00","og_image":[{"width":1022,"height":1036,"url":"https:\/\/www.abd.es\/wp-content\/uploads\/2023\/10\/soporte-3.jpg","type":"image\/jpeg"}],"twitter_card":"summary_large_image","twitter_misc":{"Estimated reading time":"1 minute"},"schema":{"@context":"https:\/\/schema.org","@graph":[{"@type":"WebPage","@id":"https:\/\/www.abd.es\/soporte\/","url":"https:\/\/www.abd.es\/soporte\/","name":"Soporte - ABD Consultora Inform\u00e1tica","isPartOf":{"@id":"https:\/\/www.abd.es\/#website"},"primaryImageOfPage":{"@id":"https:\/\/www.abd.es\/soporte\/#primaryimage"},"image":{"@id":"https:\/\/www.abd.es\/soporte\/#primaryimage"},"thumbnailUrl":"https:\/\/www.abd.es\/wp-content\/uploads\/2023\/10\/soporte-3.jpg","datePublished":"2023-10-20T08:28:25+00:00","dateModified":"2026-02-04T08:01:34+00:00","breadcrumb":{"@id":"https:\/\/www.abd.es\/soporte\/#breadcrumb"},"inLanguage":"en-GB","potentialAction":[{"@type":"ReadAction","target":["https:\/\/www.abd.es\/soporte\/"]}]},{"@type":"ImageObject","inLanguage":"en-GB","@id":"https:\/\/www.abd.es\/soporte\/#primaryimage","url":"https:\/\/www.abd.es\/wp-content\/uploads\/2023\/10\/soporte-3.jpg","contentUrl":"https:\/\/www.abd.es\/wp-content\/uploads\/2023\/10\/soporte-3.jpg"},{"@type":"BreadcrumbList","@id":"https:\/\/www.abd.es\/soporte\/#breadcrumb","itemListElement":[{"@type":"ListItem","position":1,"name":"Portada","item":"https:\/\/www.abd.es\/"},{"@type":"ListItem","position":2,"name":"Soporte"}]},{"@type":"WebSite","@id":"https:\/\/www.abd.es\/#website","url":"https:\/\/www.abd.es\/","name":"ABD IT Consulting","description":"Business Solutions | Microsoft Gold Partner","publisher":{"@id":"https:\/\/www.abd.es\/#organization"},"potentialAction":[{"@type":"SearchAction","target":{"@type":"EntryPoint","urlTemplate":"https:\/\/www.abd.es\/?s={search_term_string}"},"query-input":{"@type":"PropertyValueSpecification","valueRequired":true,"valueName":"search_term_string"}}],"inLanguage":"en-GB"},{"@type":"Organization","@id":"https:\/\/www.abd.es\/#organization","name":"ABD IT Consulting","url":"https:\/\/www.abd.es\/","logo":{"@type":"ImageObject","inLanguage":"en-GB","@id":"https:\/\/www.abd.es\/#\/schema\/logo\/image\/","url":"https:\/\/www.abd.es\/wp-content\/uploads\/2023\/09\/cropped-consultoria-informatica-11.png","contentUrl":"https:\/\/www.abd.es\/wp-content\/uploads\/2023\/09\/cropped-consultoria-informatica-11.png","width":64,"height":64,"caption":"ABD Consultora Inform\u00e1tica"},"image":{"@id":"https:\/\/www.abd.es\/#\/schema\/logo\/image\/"},"sameAs":["https:\/\/www.linkedin.com\/company\/abd-consultor-a-y-soluciones-inform-ticas\/"]}]}},"_links":{"self":[{"href":"https:\/\/www.abd.es\/en\/wp-json\/wp\/v2\/pages\/13103","targetHints":{"allow":["GET"]}}],"collection":[{"href":"https:\/\/www.abd.es\/en\/wp-json\/wp\/v2\/pages"}],"about":[{"href":"https:\/\/www.abd.es\/en\/wp-json\/wp\/v2\/types\/page"}],"author":[{"embeddable":true,"href":"https:\/\/www.abd.es\/en\/wp-json\/wp\/v2\/users\/1"}],"replies":[{"embeddable":true,"href":"https:\/\/www.abd.es\/en\/wp-json\/wp\/v2\/comments?post=13103"}],"version-history":[{"count":24,"href":"https:\/\/www.abd.es\/en\/wp-json\/wp\/v2\/pages\/13103\/revisions"}],"predecessor-version":[{"id":34179,"href":"https:\/\/www.abd.es\/en\/wp-json\/wp\/v2\/pages\/13103\/revisions\/34179"}],"wp:attachment":[{"href":"https:\/\/www.abd.es\/en\/wp-json\/wp\/v2\/media?parent=13103"}],"curies":[{"name":"wp","href":"https:\/\/api.w.org\/{rel}","templated":true}]}}